{"id":2051,"date":"2023-03-22T15:43:32","date_gmt":"2023-03-22T15:43:32","guid":{"rendered":"http:\/\/www.pleasant-tours.com\/?page_id=2051"},"modified":"2023-03-22T16:19:51","modified_gmt":"2023-03-22T16:19:51","slug":"terms-and-conditions","status":"publish","type":"page","link":"http:\/\/www.pleasant-tours.com\/?page_id=2051","title":{"rendered":"Terms and Conditions"},"content":{"rendered":"\t\t<div data-elementor-type=\"wp-page\" data-elementor-id=\"2051\" class=\"elementor elementor-2051\" data-elementor-post-type=\"page\">\n\t\t\t\t\t\t<section class=\"elementor-section elementor-top-section elementor-element elementor-element-3596b4b elementor-section-boxed elementor-section-height-default elementor-section-height-default\" data-id=\"3596b4b\" data-element_type=\"section\">\n\t\t\t\t\t\t<div class=\"elementor-container elementor-column-gap-default\">\n\t\t\t\t\t<div class=\"elementor-column elementor-col-100 elementor-top-column elementor-element elementor-element-880a684\" data-id=\"880a684\" data-element_type=\"column\">\n\t\t\t<div class=\"elementor-widget-wrap elementor-element-populated\">\n\t\t\t\t\t\t<div class=\"elementor-element elementor-element-4d04150 elementor-widget elementor-widget-heading\" data-id=\"4d04150\" data-element_type=\"widget\" data-widget_type=\"heading.default\">\n\t\t\t\t<div class=\"elementor-widget-container\">\n\t\t\t<h2 class=\"elementor-heading-title elementor-size-default\">Our Terms and Conditions<\/h2>\t\t<\/div>\n\t\t\t\t<\/div>\n\t\t\t\t\t<\/div>\n\t\t<\/div>\n\t\t\t\t\t<\/div>\n\t\t<\/section>\n\t\t\t\t<section class=\"elementor-section elementor-top-section elementor-element elementor-element-67ead10 elementor-section-boxed elementor-section-height-default elementor-section-height-default\" data-id=\"67ead10\" data-element_type=\"section\">\n\t\t\t\t\t\t<div class=\"elementor-container elementor-column-gap-default\">\n\t\t\t\t\t<div class=\"elementor-column elementor-col-100 elementor-top-column elementor-element elementor-element-69ef3f6\" data-id=\"69ef3f6\" data-element_type=\"column\">\n\t\t\t<div class=\"elementor-widget-wrap elementor-element-populated\">\n\t\t\t\t\t\t<div class=\"elementor-element elementor-element-cba25a4 elementor-widget elementor-widget-text-editor\" data-id=\"cba25a4\" data-element_type=\"widget\" data-widget_type=\"text-editor.default\">\n\t\t\t\t<div class=\"elementor-widget-container\">\n\t\t\t\t\t\t\t<p style=\"font-weight: 400;\"><strong>TERMOS E CONDI\u00c7\u00d5ES<\/strong><\/p><p style=\"font-weight: 400;\">Os presentes Termos e condi\u00e7\u00f5es regulam a utiliza\u00e7\u00e3o do webside <a href=\"http:\/\/www.pleasant-tours.com\/\">www.pleasant-tours.com<\/a> (doravante designado \u201csite\u201d) da Propriedade da\u00a0 Pleasant Tours unipessoal lda, Registo Nacional dos agentes de viagem e turismo numero 3943, Numero de idenfica\u00e7ao de pessoa coletiva 510\u00a0633\u00a0617, com sed em Rua principal da Alag\u00f4a 77, 8950-414 Altura, Castro Marim, Algarve , Portugal, (deravante designada \u201cPleasant Tours\u201d).<\/p><p style=\"font-weight: 400;\">Ao aceder e utilizar a aplica\u00e7\u00e3o e\/ou Site, o utilizador (doravante designado \u201cUtilizador\u201d) reconhece e aceita os presentes Termos e Condi\u00e7oes<\/p><p style=\"font-weight: 400;\"><strong>Objeto<\/strong><\/p><p style=\"font-weight: 400;\">Atrav\u00e9s da Aplica\u00e7\u00e3o e\/ou do Site, a Pleasant Tours disponibiliza ao Utilizador um servi\u00e7o de reservas de aluguer de ve\u00edculos com condutor \u2013 Transferes, Venda de produtos tur\u00edsticos, Apoio ao turista em v\u00e1rias vertentes, entre outras atividades relacionadas com o turismo (doravante designado &#8220;Servi\u00e7os&#8221;). A aplica\u00e7\u00e3o e \/ou o Site disponibilizam ao utilizador o acesso a diversos conte\u00fados fornecidos pela Pleasant Tours relativamente aos servi\u00e7os prestados<\/p><p style=\"font-weight: 400;\"><br \/>A Pleasant Tours atua na qualidade de intermedi\u00e1ria relativamente \u00e0 presta\u00e7\u00e3o do Servi\u00e7o ao Utilizador. A Pleasant Tours apenas disponibiliza ao Utilizador uma ferramenta para reserva de aluguer de ve\u00edculos com condutor \u2013 Transferes, Venda de produtos tur\u00edsticos, Apoio ao turista em v\u00e1rias vertentes, entre outras atividades relacionadas com o turismo, junto dos terceiros prestadores de servi\u00e7os. \u00c9 da responsabilidade exclusiva dos terceiros prestadores de servi\u00e7os de reserva de aluguer de ve\u00edculos com condutor \u2013 Transferes, Venda de produtos tur\u00edsticos, Apoio ao turista em v\u00e1rias vertentes, entre outras atividades relacionadas com o turismo a presta\u00e7\u00e3o desses servi\u00e7os, contratados atrav\u00e9s da Aplica\u00e7\u00e3o e\/ou do Site.<\/p><p style=\"font-weight: 400;\">\u00a0<\/p><p style=\"font-weight: 400;\"><strong>Acesso e Utiliza\u00e7\u00e3o<\/strong><\/p><p style=\"font-weight: 400;\">O Utilizador poder\u00e1 aceder \u00e0 Aplica\u00e7\u00e3o e\/ou ao Site de forma livre e gratuita. No entanto, o Utilizador pode ter que pagar pelo acesso \u00e0 Internet, em fun\u00e7\u00e3o do consumo de tr\u00e1fego necess\u00e1rio ao carregamento da Aplica\u00e7\u00e3o e\/ou do Site. Se a reserva autom\u00e1tica n\u00e3o estiver dispon\u00edvel, o Utilizador pode ter de suportar os custos necess\u00e1rios para efetuar a reserva do Servi\u00e7o atrav\u00e9s de outro meio de contacto dispon\u00edvel.<\/p><p style=\"font-weight: 400;\">\u00a0No pedido do Servi\u00e7o atrav\u00e9s da Aplica\u00e7\u00e3o e\/ou do Site n\u00e3o est\u00e1 inclu\u00eddo o pedido do ve\u00edculo. O custo do Servi\u00e7o mencionado \u00e9 fixado pela tarifa e regula\u00e7\u00e3o de impostos que se aplicam no lugar e tempo onde o mesmo \u00e9 fornecido, com base nas atuais regulamenta\u00e7\u00f5es que se aplicam na \u00e1rea onde o motorista trabalha. N\u00e3o est\u00e3o inclu\u00eddos quaisquer extras adicionais poss\u00edveis que possam ser aplicados. Todos os pre\u00e7os, tarifas e\/ou extras devem ser pagos diretamente ao motorista que presta o Servi\u00e7o. A Aplica\u00e7\u00e3o e\/ou o Site n\u00e3o cobram pela utiliza\u00e7\u00e3o final do Servi\u00e7o.<br \/><br \/>O Utilizador reconhece e aceita que o acesso e utiliza\u00e7\u00e3o da Aplica\u00e7\u00e3o e\/ou do Site \u00e9 feito de forma livre e consciente, sob a sua exclusiva responsabilidade. A Portugal T n\u00e3o ser\u00e1 em caso algum respons\u00e1vel pela utiliza\u00e7\u00e3o que possa ser feita da Aplica\u00e7\u00e3o e\/ou do Site pelo Utilizador e\/ou por terceiros, nem t\u00e3o-pouco pelos danos e preju\u00edzos decorrentes da mesma.<br \/><br \/>O Utilizador compromete-se a fazer uma utiliza\u00e7\u00e3o adequada e l\u00edcita da Aplica\u00e7\u00e3o e\/ou do Site, em conformidade com a legisla\u00e7\u00e3o aplic\u00e1vel, com os presentes Termos e Condi\u00e7\u00f5es, com a ordem p\u00fablica e com os bons costumes.<br \/><br \/>O direito de acesso \u00e0 Aplica\u00e7\u00e3o e\/ao ao Site pode ser suspenso, parcial ou totalmente, em especial nas opera\u00e7\u00f5es de gest\u00e3o, manuten\u00e7\u00e3o, repara\u00e7\u00e3o, altera\u00e7\u00e3o ou moderniza\u00e7\u00e3o e encerrar, definitiva ou temporariamente, parcial ou totalmente, a todo o tempo.<\/p><p style=\"font-weight: 400;\"><strong>Condi\u00e7\u00f5es de Uso<\/strong><\/p><p style=\"font-weight: 400;\">O Utilizador obriga-se a fazer um uso correto da Aplica\u00e7\u00e3o e\/ou do Site, em conformidade com a lei e os presentes Termos e Condi\u00e7\u00f5es.<br \/><br \/>O Utilizador responder\u00e1 por quaisquer danos e preju\u00edzos que possam ser causados devido ao incumprimento das referidas condi\u00e7\u00f5es.<br \/><br \/>O acesso \u00e0 Aplica\u00e7\u00e3o e\/ou ao Site est\u00e1 sujeito, em qualquer caso, ao registo pr\u00e9vio de Utilizador mediante o preenchimento do formul\u00e1rio correspondente (&#8220;Registo&#8221;), que ser\u00e1 previamente disponibilizado ao Utilizador. A Pleasant Tours reserva-se no direito de aceitar ou recusar, livremente, o pedido de registo por parte do Utilizador. Os dados introduzidos pelo Utilizador no formul\u00e1rio de Registo dever\u00e3o ser sempre exatos, atuais e verdadeiros<\/p><p style=\"font-weight: 400;\"><strong>\u00a0<\/strong><\/p><p style=\"font-weight: 400;\"><strong>Condi\u00e7\u00f5es de Pagamento<\/strong><\/p><p style=\"font-weight: 400;\">Os valores cobrados n\u00e3o s\u00e3o reembols\u00e1veis. As tarifas e os custos de cancelamento e compensa\u00e7\u00e3o, bem como as respetivas atualiza\u00e7\u00f5es, encontram-se dispon\u00edveis, a todo o momento, na Aplica\u00e7\u00e3o e no Site, podendo ser sujeitas a modifica\u00e7\u00f5es.<br \/><br \/>A Pleasant Tours e\/ou o motorista reservam-se no direito de modificar, aumentar, reduzir ou eliminar qualquer modalidade de pagamento em qualquer momento se considerar conveniente para o correto funcionamento do Servi\u00e7o.<br \/><br \/>A Aplica\u00e7\u00e3o e\/ou o Site n\u00e3o cobram pela utiliza\u00e7\u00e3o final do Servi\u00e7o. Todos os pre\u00e7os, tarifas e\/ou extras aplic\u00e1veis ser\u00e3o cobradas pelo motorista sempre que seja finalizado o Servi\u00e7o, atrav\u00e9s de um dos m\u00e9todos de cobran\u00e7a dispon\u00edveis e selecionados pelo Utilizador.<br \/><br \/>A qualquer servi\u00e7o que implique o parqueamento do ve\u00edculo em locais sujeitos a cobran\u00e7a, ter\u00e1 o acr\u00e9scimo do mesmo ao valor total da fatura.<br \/><br \/>A Pleasant Tours e os motoristas ter\u00e1 o direito de bloquear, cancelar ou anular qualquer m\u00e9todo de pagamento quando existam suspeitas razo\u00e1veis de uma utiliza\u00e7\u00e3o indevida.<\/p><p style=\"font-weight: 400;\">\u00a0<\/p><p style=\"font-weight: 400;\"><strong>Direitos de Propriedade Intelectual<\/strong><\/p><p style=\"font-weight: 400;\">O Utilizador reconhece e aceita que todos os direitos de propriedade intelectual e industrial sobre os conte\u00fados da Aplica\u00e7\u00e3o e do Site (marcas, log\u00f3tipos, assinaturas, textos, imagens, gr\u00e1ficos, desenhos, sons, bases de dados, software, diagramas de fluxos, apresenta\u00e7\u00f5es, \u00e1udio ou v\u00eddeo), pertencem \u00e0 Pleasant Tours e est\u00e3o cobertos e protegidos por direitos de propriedade intelectual.<br \/><br \/>O Utilizador n\u00e3o est\u00e1 autorizado a transmitir, publicar, modificar, copiar, vender, utilizar ou distribuir, por qualquer forma, os textos, imagens, marcas e log\u00f3tipos ou outras informa\u00e7\u00f5es existentes nesta Aplica\u00e7\u00e3o e no Site, salvo nos casos legalmente autorizados ou expressamente consentidos pela Pleasant Tours.<br \/><br \/>O incumprimento em rela\u00e7\u00e3o \u00e0 informa\u00e7\u00e3o e \u00e0 utiliza\u00e7\u00e3o dos objetos de propriedade intelectual exibidos ou de outro modo disponibilizados na Aplica\u00e7\u00e3o e no Site constitui uma viola\u00e7\u00e3o dos presentes Termos e Condi\u00e7\u00f5es.<\/p><p style=\"font-weight: 400;\">\u00a0<\/p><p style=\"font-weight: 400;\"><strong>Tratamento de Dados Pessoais<\/strong><\/p><p style=\"font-weight: 400;\">A utiliza\u00e7\u00e3o de certos servi\u00e7os disponibilizados na Aplica\u00e7\u00e3o e\/ou no Site est\u00e1 condicionada ao fornecimento de dados pessoais do Utilizador. O preenchimento do formul\u00e1rio de Registo, atrav\u00e9s da Aplica\u00e7\u00e3o, e a reserva do Servi\u00e7o, atrav\u00e9s da Aplica\u00e7\u00e3o e\/ou do Site, implica o fornecimento de dados pessoais, sendo os mesmos utilizados nos termos previstos.<br \/><br \/>Para mais informa\u00e7\u00f5es sobre o tratamento de dados pessoais consulte a Pol\u00edtica de Privacidade.<\/p><p style=\"font-weight: 400;\"><strong>Objetos Perdidos<\/strong><\/p><p style=\"font-weight: 400;\">O utilizador deve assegurar-se que tem consigo todos os seus bens pessoais uma vez terminado o Servi\u00e7o contratado. A Pleasant Tours n\u00e3o ser\u00e1 respons\u00e1vel pela perda ou extravio de objetos pessoais, sem preju\u00edzo de se disponibilizar para prestar todo o aux\u00edlio e informa\u00e7\u00f5es para agilizar a sua recupera\u00e7\u00e3o.<\/p><p style=\"font-weight: 400;\">\u00a0<\/p><p style=\"font-weight: 400;\"><strong>Notifica\u00e7\u00f5es<\/strong><\/p><p style=\"font-weight: 400;\">A Pleasant Tours poder\u00e1 efetuar notifica\u00e7\u00f5es atrav\u00e9s da Aplica\u00e7\u00e3o, por SMS para o n\u00famero de telem\u00f3vel ou para o endere\u00e7o de correio eletr\u00f3nico indicados pelo Utilizador no formul\u00e1rio de Registo ou na reserva do Servi\u00e7o.<br \/><br \/>O Utilizador poder\u00e1 notificar a Pleasant Tours atrav\u00e9s dos meios de contacto dispon\u00edveis na Aplica\u00e7\u00e3o e\/ou no Site.<\/p><p style=\"font-weight: 400;\">Pleasant Tours may make notifications through the Application, by SMS to the mobile number or email address indicated by the User on the Registration form or on booking the Service. The User may notify Pleasant Tours through the contact available on the Application and \/ or the Site.<\/p><p style=\"font-weight: 400;\">\u00a0<\/p><p style=\"font-weight: 400;\"><strong>Exclus\u00e3o de Responsabilidade<\/strong><\/p><p style=\"font-weight: 400;\">A Pleasant Tours n\u00e3o \u00e9 respons\u00e1vel por quaisquer danos e\/ou omiss\u00f5es causados ao Utilizador ou a terceiros, decorrentes da utiliza\u00e7\u00e3o ou divulga\u00e7\u00e3o das informa\u00e7\u00f5es contidas na Aplica\u00e7\u00e3o e\/ou no Site.<br \/><br \/>A Pleasant tours n\u00e3o \u00e9 respons\u00e1vel por erros que possam ocorrer devido a irregularidades do sistema ou falha (tempor\u00e1ria ou permanente) da Aplica\u00e7\u00e3o e\/ou do Site, nem ser\u00e1 respons\u00e1vel por quaisquer danos resultantes da utiliza\u00e7\u00e3o indevida ou da impossibilidade de utiliza\u00e7\u00e3o da Aplica\u00e7\u00e3o e\/ou do Site.<br \/><br \/>O Utilizador reconhece que a Pleasant Tours n\u00e3o presta os referidos servi\u00e7os de transporte, mas que os seus Servi\u00e7os s\u00e3o unicamente os de operador de uma plataforma eletr\u00f3nica. A Pleasant Tours atua na qualidade de intermedi\u00e1ria relativamente \u00e0 presta\u00e7\u00e3o do Servi\u00e7o, disponibilizando ao Utilizador uma ferramenta para, junto dos terceiros prestadores de servi\u00e7os.<br \/><br \/>A Pleasant Tours n\u00e3o ser\u00e1 respons\u00e1vel objetiva e solidariamente em caso de n\u00e3o presta\u00e7\u00e3o ou de presta\u00e7\u00e3o deficiente dos servi\u00e7os de transporte quando tal facto for imput\u00e1vel ao Utilizador, quando for resultado de causa imprevis\u00edvel e inultrapass\u00e1vel imput\u00e1vel a um terceiro ou em caso de for\u00e7a maior.<\/p><p style=\"font-weight: 400;\">\u00a0<\/p><p style=\"font-weight: 400;\"><strong>Validade dos Termos e Condi\u00e7\u00f5es<\/strong><\/p><p style=\"font-weight: 400;\">Se alguma parte ou disposi\u00e7\u00e3o dos presentes Termos e Condi\u00e7\u00f5es n\u00e3o for execut\u00e1vel ou estiver em conflito com a lei aplic\u00e1vel, a validade das restantes partes ou disposi\u00e7\u00f5es n\u00e3o ser\u00e1 afetada.<\/p><p style=\"font-weight: 400;\"><strong>Altera\u00e7\u00e3o dos Termos e Condi\u00e7\u00f5es<\/strong><\/p><p style=\"font-weight: 400;\">A Pleasant Tours reserva-se no direito de modificar, aditar, eliminar, parcial ou totalmente, a qualquer momento e sem aviso pr\u00e9vio, os presentes Termos e Condi\u00e7\u00f5es.<br \/><br \/>O Utilizador <strong>deve<\/strong> consultar periodicamente as atualiza\u00e7\u00f5es dos Termos e Condi\u00e7\u00f5es do Site.<\/p><p style=\"font-weight: 400;\"><strong>\u00a0<\/strong><\/p><p style=\"font-weight: 400;\"><strong>Quest\u00f5es e Sugest\u00f5es<\/strong><\/p><p style=\"font-weight: 400;\">Se tiver alguma quest\u00e3o sobre os presentes Termos e Condi\u00e7\u00f5es, por favor envie-nos o seu pedido para um dos seguintes meios:<br \/><br \/>Morada: Rua Principal da Alag\u00f4a 77, 8950-414 Altura, Castro Marim, Algarve , Portugal<br \/>E-mail: info@pleasant-tours.com<br \/>Telefone: +351 96557991 (chamada para rede m\u00f3vel nacional PT)<\/p><p style=\"font-weight: 400;\"><strong>Lei Aplicavel<\/strong><\/p><p style=\"font-weight: 400;\">Os presentes Termos e Condi\u00e7\u00f5es e a rela\u00e7\u00e3o entre a Pleasant Tours e o Utilizador encontram-se sujeitos \u00e0 lei portuguesa.<br \/><br \/>A Pleasant Tours e o Utilizador acordam submeter qualquer quest\u00e3o emergente dos presentes Termos e Condi\u00e7\u00f5es e da rela\u00e7\u00e3o entre as partes aos Tribunais Portugueses, com expressa ren\u00fancia a qualquer outro foro.<\/p><p style=\"font-weight: 400;\">\u00a0<\/p>\t\t\t\t\t\t<\/div>\n\t\t\t\t<\/div>\n\t\t\t\t\t<\/div>\n\t\t<\/div>\n\t\t\t\t\t<\/div>\n\t\t<\/section>\n\t\t\t\t<\/div>\n\t\t","protected":false},"excerpt":{"rendered":"<p>Our Terms and Conditions TERMOS E CONDI\u00c7\u00d5ES Os presentes Termos e condi\u00e7\u00f5es regulam a utiliza\u00e7\u00e3o do webside www.pleasant-tours.com (doravante designado \u201csite\u201d) da Propriedade da\u00a0 Pleasant Tours unipessoal lda, Registo Nacional dos agentes de viagem e turismo numero 3943, Numero de idenfica\u00e7ao de pessoa coletiva 510\u00a0633\u00a0617, com sed em Rua principal da Alag\u00f4a 77, 8950-414 Altura, [&hellip;]<\/p>\n","protected":false},"author":1,"featured_media":0,"parent":0,"menu_order":0,"comment_status":"closed","ping_status":"closed","template":"","meta":{"om_disable_all_campaigns":false,"_monsterinsights_skip_tracking":false,"_monsterinsights_sitenote_active":false,"_monsterinsights_sitenote_note":"","_monsterinsights_sitenote_category":0,"site-sidebar-layout":"no-sidebar","site-content-layout":"page-builder","ast-site-content-layout":"default","site-content-style":"default","site-sidebar-style":"default","ast-global-header-display":"","ast-banner-title-visibility":"","ast-main-header-display":"","ast-hfb-above-header-display":"","ast-hfb-below-header-display":"","ast-hfb-mobile-header-display":"","site-post-title":"disabled","ast-breadcrumbs-content":"","ast-featured-img":"disabled","footer-sml-layout":"","ast-disable-related-posts":"","theme-transparent-header-meta":"","adv-header-id-meta":"","stick-header-meta":"","header-above-stick-meta":"","header-main-stick-meta":"","header-below-stick-meta":"","astra-migrate-meta-layouts":"default","ast-page-background-enabled":"default","ast-page-background-meta":{"desktop":{"background-color":"","background-image":"","background-repeat":"repeat","background-position":"center center","background-size":"auto","background-attachment":"scroll","background-type":"","background-media":"","overlay-type":"","overlay-color":"","overlay-opacity":"","overlay-gradient":""},"tablet":{"background-color":"","background-image":"","background-repeat":"repeat","background-position":"center center","background-size":"auto","background-attachment":"scroll","background-type":"","background-media":"","overlay-type":"","overlay-color":"","overlay-opacity":"","overlay-gradient":""},"mobile":{"background-color":"","background-image":"","background-repeat":"repeat","background-position":"center center","background-size":"auto","background-attachment":"scroll","background-type":"","background-media":"","overlay-type":"","overlay-color":"","overlay-opacity":"","overlay-gradient":""}},"ast-content-background-meta":{"desktop":{"background-color":"var(--ast-global-color-5)","background-image":"","background-repeat":"repeat","background-position":"center center","background-size":"auto","background-attachment":"scroll","background-type":"","background-media":"","overlay-type":"","overlay-color":"","overlay-opacity":"","overlay-gradient":""},"tablet":{"background-color":"var(--ast-global-color-5)","background-image":"","background-repeat":"repeat","background-position":"center center","background-size":"auto","background-attachment":"scroll","background-type":"","background-media":"","overlay-type":"","overlay-color":"","overlay-opacity":"","overlay-gradient":""},"mobile":{"background-color":"var(--ast-global-color-5)","background-image":"","background-repeat":"repeat","background-position":"center center","background-size":"auto","background-attachment":"scroll","background-type":"","background-media":"","overlay-type":"","overlay-color":"","overlay-opacity":"","overlay-gradient":""}},"_joinchat":[],"footnotes":""},"class_list":["post-2051","page","type-page","status-publish","hentry"],"aioseo_notices":[],"_links":{"self":[{"href":"http:\/\/www.pleasant-tours.com\/index.php?rest_route=\/wp\/v2\/pages\/2051","targetHints":{"allow":["GET"]}}],"collection":[{"href":"http:\/\/www.pleasant-tours.com\/index.php?rest_route=\/wp\/v2\/pages"}],"about":[{"href":"http:\/\/www.pleasant-tours.com\/index.php?rest_route=\/wp\/v2\/types\/page"}],"author":[{"embeddable":true,"href":"http:\/\/www.pleasant-tours.com\/index.php?rest_route=\/wp\/v2\/users\/1"}],"replies":[{"embeddable":true,"href":"http:\/\/www.pleasant-tours.com\/index.php?rest_route=%2Fwp%2Fv2%2Fcomments&post=2051"}],"version-history":[{"count":7,"href":"http:\/\/www.pleasant-tours.com\/index.php?rest_route=\/wp\/v2\/pages\/2051\/revisions"}],"predecessor-version":[{"id":2087,"href":"http:\/\/www.pleasant-tours.com\/index.php?rest_route=\/wp\/v2\/pages\/2051\/revisions\/2087"}],"wp:attachment":[{"href":"http:\/\/www.pleasant-tours.com\/index.php?rest_route=%2Fwp%2Fv2%2Fmedia&parent=2051"}],"curies":[{"name":"wp","href":"https:\/\/api.w.org\/{rel}","templated":true}]}}